{"id":2,"date":"2016-04-27T00:32:02","date_gmt":"2016-04-27T00:32:02","guid":{"rendered":"http:\/\/enlightenedchiro.com\/?page_id=2"},"modified":"2025-09-04T16:40:01","modified_gmt":"2025-09-04T16:40:01","slug":"your-austin-chiropractor","status":"publish","type":"page","link":"https:\/\/enlightenedchiro.com\/es\/your-austin-chiropractor\/","title":{"rendered":"Tu quiropr\u00e1ctico de Austin"},"content":{"rendered":"<h2 class=\"has-text-align-center\">Conocer al equipo<\/h2>\n\n\n\n<div class=\"wp-block-columns width75\">\n<div class=\"wp-block-column is-vertically-aligned-top\">\n<div class=\"wp-block-image\"><figure class=\"aligncenter size-large\"><img loading=\"lazy\" width=\"128\" height=\"143\" src=\"data:image\/gif;base64,R0lGODlhAQABAAAAACH5BAEKAAEALAAAAAABAAEAAAICTAEAOw==\" data-layzr=\"http:\/\/enlightenedchiro.com\/wp-content\/uploads\/2017\/02\/pflugerville-austin-chiropractor.jpg\" alt=\"pflugerville-austin-chiropractor\" class=\"wp-image-125\"\/><\/figure><\/div>\n\n\n\n<div class=\"wp-block-group\"><div class=\"wp-block-group__inner-container\">\n<h2 class=\"has-text-align-center\"> Khanh Nguyen D.C <\/h2>\n<\/div><\/div>\n\n\n\n<hr style=\"width:100px;\" class=\"wp-block-separator\">\n\n\n\n<p style=\"color:#0B578E;\" class=\"has-text-align-center\"><i>Doctora en quiropr\u00e1ctica<\/i><\/p>\n\n\n\n<p>El servicio amoroso es mi PRIMERA t\u00e9cnica. Por favor, av\u00edseme si hay algo en lo que pueda ayudarlo.<\/p>\n\n\n\n<ul><li>Universidad Parker - Doctora en Quiropr\u00e1ctica<\/li><li>Florida State University- Licenciatura en Biolog\u00eda con menci\u00f3n en Qu\u00edmica<\/li><li>Entrenamiento avanzado en: Prono espec\u00edfico, Diversificado, SOT, Cuidado de las extremidades, Cervical superior y T\u00e9cnica Webster<\/li><li>Educado por profesores y profesores a nivel internacional<\/li><li>Miembro de la C\u00e1mara de Comercio de Pflugerville y la C\u00e1mara de Comercio Asi\u00e1tica del Gran Austin<\/li><\/ul>\n<\/div>\n\n\n\n<div class=\"wp-block-column is-vertically-aligned-top\">\n<div class=\"wp-block-image\"><figure class=\"aligncenter size-large is-resized\"><img loading=\"lazy\" src=\"data:image\/gif;base64,R0lGODlhAQABAAAAACH5BAEKAAEALAAAAAABAAEAAAICTAEAOw==\" data-layzr=\"http:\/\/enlightenedchiro.com\/wp-content\/uploads\/2025\/09\/no-image-available-HiRes.png\" alt=\"\" class=\"wp-image-302\" width=\"130\" height=\"150\"\/><\/figure><\/div>\n\n\n\n<h2 class=\"has-text-align-center\">Valeria<\/h2>\n\n\n\n<hr style=\"width:100px;\" class=\"wp-block-separator\">\n\n\n\n<p style=\"color:#0B578E;\" class=\"has-text-align-center\"><i>Asistente quiropr\u00e1ctica<\/i><\/p>\n\n\n\n<p>Enjoys helping patients get the care they need. <\/p>\n\n\n\n<ul><li>Attends Austin Community College with the aspirations to attend Physical Therapy School at Texas State<\/li><\/ul>\n<\/div>\n<\/div>\n\n\n\n<div class=\"wp-block-columns color-gray pad2\">\n<div class=\"wp-block-column color-gray\">\n<figure class=\"wp-block-image size-large\"><img loading=\"lazy\" width=\"1024\" height=\"683\" src=\"data:image\/gif;base64,R0lGODlhAQABAAAAACH5BAEKAAEALAAAAAABAAEAAAICTAEAOw==\" data-layzr=\"http:\/\/enlightenedchiro.com\/wp-content\/uploads\/2021\/01\/shutterstock_1110745964_small-1024x683.jpg\" alt=\"\" class=\"wp-image-178\" data-layzr-srcset=\"https:\/\/enlightenedchiro.com\/wp-content\/uploads\/2021\/01\/shutterstock_1110745964_small-1024x683.jpg 1024w, https:\/\/enlightenedchiro.com\/wp-content\/uploads\/2021\/01\/shutterstock_1110745964_small-300x200.jpg 300w, https:\/\/enlightenedchiro.com\/wp-content\/uploads\/2021\/01\/shutterstock_1110745964_small-768x512.jpg 768w, https:\/\/enlightenedchiro.com\/wp-content\/uploads\/2021\/01\/shutterstock_1110745964_small-1536x1024.jpg 1536w, https:\/\/enlightenedchiro.com\/wp-content\/uploads\/2021\/01\/shutterstock_1110745964_small-2048x1365.jpg 2048w, https:\/\/enlightenedchiro.com\/wp-content\/uploads\/2021\/01\/shutterstock_1110745964_small-750x500.jpg 750w\" sizes=\"(max-width: 1024px) 100vw, 1024px\" \/><\/figure>\n<\/div>\n\n\n\n<div class=\"wp-block-column\">\n<h2>Dejando mejor de lo que viniste<\/h2>\n\n\n\n<p>En Enlightened Chiropractic queremos que todos los pacientes se sientan c\u00f3modos desde el momento en que ingresan. \u00a1La Dr. Khanh conocer\u00e1 su caso y se comunicar\u00e1 con usted a partir de los hallazgos y el tratamiento sobre los pasos necesarios para continuar sinti\u00e9ndose mejor que nunca!<\/p>\n\n\n\n<p><\/p>\n<\/div>\n<\/div>\n\n\n\n<h2 class=\"has-text-align-center\">Nuestra historia<\/h2>\n\n\n\n<div class=\"wp-block-columns width75\">\n<div class=\"wp-block-column\">\n<p> Proporcionamos correcci\u00f3n espinal avanzada y ajustes quiropr\u00e1cticos utilizando t\u00e9cnicas quiropr\u00e1cticas \u201cde vanguardia\u201d. Nunca en la historia de la atenci\u00f3n quiropr\u00e1ctica los quiropr\u00e1cticos han podido brindar el nivel de ayuda y experiencia que est\u00e1 disponible en la actualidad. Muchas de las t\u00e9cnicas quiropr\u00e1cticas m\u00e1s nuevas son en realidad m\u00e1s seguras, m\u00e1s c\u00f3modas y m\u00e1s efectivas que nunca. La Dr. Khanh Nguyen tiene experiencia en ayudar a los pacientes a aliviar el dolor de espalda, el dolor de cuello, los dolores de cabeza y otras afecciones relacionadas que se originan en la columna. La atenci\u00f3n quiropr\u00e1ctica incluso se puede utilizar para prevenir lesiones y ayudarlo a lograr una salud o bienestar total.<br> <\/p>\n<\/div>\n\n\n\n<div class=\"wp-block-column\">\n<figure class=\"wp-block-image size-large\"><img loading=\"lazy\" width=\"1024\" height=\"682\" src=\"data:image\/gif;base64,R0lGODlhAQABAAAAACH5BAEKAAEALAAAAAABAAEAAAICTAEAOw==\" data-layzr=\"http:\/\/enlightenedchiro.com\/wp-content\/uploads\/2021\/01\/pexels-photo-53756-1024x682-1.jpeg\" alt=\"\" class=\"wp-image-187\" data-layzr-srcset=\"https:\/\/enlightenedchiro.com\/wp-content\/uploads\/2021\/01\/pexels-photo-53756-1024x682-1.jpeg 1024w, https:\/\/enlightenedchiro.com\/wp-content\/uploads\/2021\/01\/pexels-photo-53756-1024x682-1-300x200.jpeg 300w, https:\/\/enlightenedchiro.com\/wp-content\/uploads\/2021\/01\/pexels-photo-53756-1024x682-1-768x512.jpeg 768w, https:\/\/enlightenedchiro.com\/wp-content\/uploads\/2021\/01\/pexels-photo-53756-1024x682-1-750x500.jpeg 750w\" sizes=\"(max-width: 1024px) 100vw, 1024px\" \/><\/figure>\n<\/div>\n<\/div>","protected":false},"excerpt":{"rendered":"<p>Meet the Team Doctor of Chiropractic Loving service is my FIRST technique. Please let me know if there is anything I can help you with! Parker University- Doctor of Chiropractic Florida State University- Bachelor of Science in Biology with a Minor in Chemistry Advanced Training in: Specific Prone, Diversified, SOT, Extremity Care, Upper Cervical and [&hellip;]<\/p>","protected":false},"author":1,"featured_media":0,"parent":0,"menu_order":1,"comment_status":"closed","ping_status":"open","template":"","meta":[],"_links":{"self":[{"href":"https:\/\/enlightenedchiro.com\/es\/wp-json\/wp\/v2\/pages\/2"}],"collection":[{"href":"https:\/\/enlightenedchiro.com\/es\/wp-json\/wp\/v2\/pages"}],"about":[{"href":"https:\/\/enlightenedchiro.com\/es\/wp-json\/wp\/v2\/types\/page"}],"author":[{"embeddable":true,"href":"https:\/\/enlightenedchiro.com\/es\/wp-json\/wp\/v2\/users\/1"}],"replies":[{"embeddable":true,"href":"https:\/\/enlightenedchiro.com\/es\/wp-json\/wp\/v2\/comments?post=2"}],"version-history":[{"count":17,"href":"https:\/\/enlightenedchiro.com\/es\/wp-json\/wp\/v2\/pages\/2\/revisions"}],"predecessor-version":[{"id":304,"href":"https:\/\/enlightenedchiro.com\/es\/wp-json\/wp\/v2\/pages\/2\/revisions\/304"}],"wp:attachment":[{"href":"https:\/\/enlightenedchiro.com\/es\/wp-json\/wp\/v2\/media?parent=2"}],"curies":[{"name":"wp","href":"https:\/\/api.w.org\/{rel}","templated":true}]}}