{"id":20,"date":"2016-05-17T22:51:07","date_gmt":"2016-05-17T22:51:07","guid":{"rendered":"http:\/\/enlightenedchiro.com\/?page_id=20"},"modified":"2025-09-04T16:50:48","modified_gmt":"2025-09-04T16:50:48","slug":"become-a-patient","status":"publish","type":"page","link":"https:\/\/enlightenedchiro.com\/es\/become-a-patient\/","title":{"rendered":"Convertirse en un paciente"},"content":{"rendered":"<div class=\"wp-block-cover has-background-dim has-parallax has-background-dim-NaN\" style=\"background-image:url(http:\/\/enlightenedchiro.com\/wp-content\/uploads\/2021\/01\/shutterstock_127820849-scaled.jpg);min-height:430px\"><div class=\"wp-block-cover__inner-container\">\n<h2 class=\"has-text-align-center has-text-color\" style=\"color:#ffffff\">Convertirse en un paciente<\/h2>\n\n\n\n<p class=\"has-text-align-center\">We strive to serve all our patients to our best ability. Contact our office to schedule and fill out the new patient forms to save you time on your first visit.<\/p>\n\n\n\n<h2 class=\"has-text-align-center has-text-color\" style=\"color:#ffffff\">Informaci\u00f3n del pago<\/h2>\n\n\n\n<p class=\"has-text-align-center\">Nuestro objetivo en Enlightened Chiropractic es permitir que todos experimenten los beneficios de la atenci\u00f3n quiropr\u00e1ctica y ofrecer una variedad de opciones de pago.<\/p>\n<\/div><\/div>\n\n\n\n<div class=\"wp-block-columns\">\n<div class=\"wp-block-column\">\n<p><\/p>\n\n\n\n<h2 class=\"has-text-align-center\">Opciones de pago<\/h2>\n\n\n\n<p><b><em>Seguro<\/em><\/b><\/p><p>La mayor\u00eda de los planes de seguro son aceptados por nuestra oficina, incluido Medicare. Aceptamos casos de accidentes automovil\u00edsticos y lesiones personales que han resultado en dolor de espalda, dolores de cuello, dolores de cabeza u otras afecciones relacionadas con el dolor.\n<br><br>Because Chiropractic benefits vary by\ninsurances, our staff will gladly verify your\nbenefits prior to Dr. Khanh doing any treatment\non your first visit.<\/p><p><b><em>Sin seguro<\/em><\/b><\/p><p>Nuestro primer objetivo es ayudar a nuestros pacientes a sentirse mejor. Para los pacientes que tienen poca o ninguna cobertura de seguro quiropr\u00e1ctico, nuestra oficina trabajar\u00e1 con usted para organizar un plan de pago flexible que se ajuste a su presupuesto mientras contin\u00faa recibiendo la atenci\u00f3n correctiva y de bienestar que necesita.<\/p><p>&nbsp;<\/p>\n<\/div>\n<\/div>","protected":false},"excerpt":{"rendered":"<p>Payment Options Insurance Most insurance plans are accepted by our office, including Medicare. We accept auto accident and personal injury cases that have resulted in back pain, neck pains, headaches or other related pain conditions. Because Chiropractic benefits vary by insurances, our staff will gladly verify your benefits prior to Dr. Khanh doing any treatment [&hellip;]<\/p>","protected":false},"author":1,"featured_media":0,"parent":0,"menu_order":2,"comment_status":"closed","ping_status":"closed","template":"","meta":[],"_links":{"self":[{"href":"https:\/\/enlightenedchiro.com\/es\/wp-json\/wp\/v2\/pages\/20"}],"collection":[{"href":"https:\/\/enlightenedchiro.com\/es\/wp-json\/wp\/v2\/pages"}],"about":[{"href":"https:\/\/enlightenedchiro.com\/es\/wp-json\/wp\/v2\/types\/page"}],"author":[{"embeddable":true,"href":"https:\/\/enlightenedchiro.com\/es\/wp-json\/wp\/v2\/users\/1"}],"replies":[{"embeddable":true,"href":"https:\/\/enlightenedchiro.com\/es\/wp-json\/wp\/v2\/comments?post=20"}],"version-history":[{"count":19,"href":"https:\/\/enlightenedchiro.com\/es\/wp-json\/wp\/v2\/pages\/20\/revisions"}],"predecessor-version":[{"id":306,"href":"https:\/\/enlightenedchiro.com\/es\/wp-json\/wp\/v2\/pages\/20\/revisions\/306"}],"wp:attachment":[{"href":"https:\/\/enlightenedchiro.com\/es\/wp-json\/wp\/v2\/media?parent=20"}],"curies":[{"name":"wp","href":"https:\/\/api.w.org\/{rel}","templated":true}]}}